{"id":170,"date":"2022-01-31T20:45:41","date_gmt":"2022-01-31T19:45:41","guid":{"rendered":"https:\/\/www.kin-mosel.de\/?page_id=170"},"modified":"2026-01-17T03:03:00","modified_gmt":"2026-01-17T02:03:00","slug":"termine","status":"publish","type":"page","link":"https:\/\/www.kin-mosel.de\/?page_id=170","title":{"rendered":"Termine 2026"},"content":{"rendered":"\n<hr class=\"wp-block-separator has-css-opacity\"\/>\n\n\n\n<h2 class=\"wp-block-heading\" id=\"kinaesthetics-praxisworkshop-fur-nachtwachen\">Kinaesthetics Grundkurs<\/h2>\n\n\n\n<p>03.03., 04.03., 26.03. &amp; 14.04.2026, jeweils 09:00Uhr&nbsp;&#8211; 16:30&nbsp;Uhr; Bildungsinstitut der Barmherzigen Br\u00fcder Trier<\/p>\n\n\n\n<div class=\"wp-block-buttons is-layout-flex wp-block-buttons-is-layout-flex\">\n<div class=\"wp-block-button has-custom-width wp-block-button__width-100 is-style-outline is-style-outline--1\"><a class=\"wp-block-button__link has-small-font-size has-custom-font-size wp-element-button\" href=\"https:\/\/www.bk-trier.de\/bkt\/fortbildungen\/termine\/25030101-Kinaesthetics-Grundkurs.php\" style=\"border-radius:16px\" target=\"_blank\" rel=\"noreferrer noopener\">weitere Informationen<\/a><\/div>\n<\/div>\n\n\n\n<hr class=\"wp-block-separator has-css-opacity\"\/>\n\n\n\n<h2 class=\"wp-block-heading\" id=\"kinaesthetics-praxisworkshop-fur-nachtwachen\">Kinaesthetics \u2013 Methoden-Tipps f\u00fcr Praxisanleitende<\/h2>\n\n\n\n<p id=\"kinaesthetics-praxisworkshop-fur-nachtwachen\">28.04.2026, 09:00Uhr&nbsp;&#8211; 16:30&nbsp;Uhr; Bildungsinstitut der Barmherzigen Br\u00fcder Trier<\/p>\n\n\n\n<div class=\"wp-block-buttons is-layout-flex wp-block-buttons-is-layout-flex\">\n<div class=\"wp-block-button has-custom-width wp-block-button__width-100 is-style-outline is-style-outline--2\"><a class=\"wp-block-button__link has-small-font-size has-custom-font-size wp-element-button\" href=\"https:\/\/www.bk-trier.de\/bkt\/fortbildungen\/termine\/2609-Kinaesthetics.php\" style=\"border-radius:16px\" target=\"_blank\" rel=\"noreferrer noopener\">weitere Informationen<\/a><\/div>\n<\/div>\n\n\n\n<hr class=\"wp-block-separator has-css-opacity\"\/>\n\n\n\n<h2 class=\"wp-block-heading\" id=\"kinaesthtics-aufbaukurs\">Kinaesthetics f\u00fcr Assistenzkr\u00e4fte<\/h2>\n\n\n\n<p>07.05.2026, 09:00Uhr&nbsp;&#8211; 16:30&nbsp;Uhr; Bildungsinstitut der Barmherzigen Br\u00fcder Trier<\/p>\n\n\n\n<div class=\"wp-block-buttons is-layout-flex wp-block-buttons-is-layout-flex\">\n<div class=\"wp-block-button has-custom-width wp-block-button__width-100 is-style-outline is-style-outline--3\"><a class=\"wp-block-button__link has-small-font-size has-custom-font-size wp-element-button\" href=\"https:\/\/www.bk-trier.de\/bkt\/fortbildungen\/termine\/25030401-Kinaesthetics-Nachtwachen.php\" target=\"_blank\" rel=\"noreferrer noopener\">weitere Informationen<\/a><\/div>\n<\/div>\n\n\n\n<hr class=\"wp-block-separator has-css-opacity\"\/>\n\n\n\n<h2 class=\"wp-block-heading\" id=\"kinaesthetics-in-der-pflege-methodentipps-fur-praxisanleitende\"><strong>Kinaesthetics f\u00fcr Funktionsabteilungen<\/strong><\/h2>\n\n\n\n<p>13.05.2026, 09:00Uhr&nbsp;&#8211; 16:30&nbsp;Uhr; Bildungsinstitut der Barmherzigen Br\u00fcder Trier<\/p>\n\n\n\n<div class=\"wp-block-buttons is-layout-flex wp-block-buttons-is-layout-flex\">\n<div class=\"wp-block-button has-custom-width wp-block-button__width-100 is-style-outline is-style-outline--4\"><a class=\"wp-block-button__link has-small-font-size has-custom-font-size wp-element-button\" href=\"https:\/\/www.bk-trier.de\/bkt\/fortbildungen\/termine\/65030401-Kinaesthetics-Funktion.php\" target=\"_blank\" rel=\"noreferrer noopener\">weitere Informationen<\/a><\/div>\n<\/div>\n\n\n\n<hr class=\"wp-block-separator has-css-opacity\"\/>\n\n\n\n<h2 class=\"wp-block-heading\" id=\"kinaesthetics-in-der-pflege-methodentipps-fur-praxisanleitende\"><strong>Kinaesthetics Refreshertag<\/strong><\/h2>\n\n\n\n<p>01.09.2024, 09:00 Uhr&nbsp;&#8211; 16:30&nbsp;Uhr; Bildungsinstitut der Barmherzigen Br\u00fcder Trier<\/p>\n\n\n\n<div class=\"wp-block-buttons is-layout-flex wp-block-buttons-is-layout-flex\">\n<div class=\"wp-block-button has-custom-width wp-block-button__width-100 is-style-outline is-style-outline--5\"><a class=\"wp-block-button__link has-small-font-size has-custom-font-size wp-element-button\" href=\"https:\/\/www.bk-trier.de\/bkt\/fortbildungen\/termine\/25030301-Kinaesthetics-Refresher.php\" target=\"_blank\" rel=\"noreferrer noopener\">weitere Informationen<\/a><\/div>\n<\/div>\n\n\n\n<hr class=\"wp-block-separator has-css-opacity\"\/>\n\n\n\n<h2 class=\"wp-block-heading\" id=\"kinaesthetics-in-der-pflege-methodentipps-fur-praxisanleitende\">Kinaesthetics Aufbaukurs<\/h2>\n\n\n\n<p>08.09., 22.09.,20.10. &amp; 17.11.2026, jeweils 09:00 Uhr&nbsp;&#8211; 16:30&nbsp;Uhr; Bildungsinstitut der Barmherzigen Br\u00fcder Trier<\/p>\n\n\n\n<div class=\"wp-block-buttons is-layout-flex wp-block-buttons-is-layout-flex\">\n<div class=\"wp-block-button has-custom-width wp-block-button__width-100 is-style-outline is-style-outline--6\"><a class=\"wp-block-button__link has-small-font-size has-custom-font-size wp-element-button\" href=\"https:\/\/www.bk-trier.de\/bkt\/fortbildungen\/termine\/25030201-Kinaesthetics-Aufbaukurs.php\" target=\"_blank\" rel=\"noreferrer noopener\">weitere Informationen<\/a><\/div>\n<\/div>\n\n\n\n<div class=\"wp-block-group\"><div class=\"wp-block-group__inner-container is-layout-constrained wp-block-group-is-layout-constrained\">\n<hr class=\"wp-block-separator has-alpha-channel-opacity\"\/>\n\n\n\n<div class=\"wp-block-group\"><div class=\"wp-block-group__inner-container is-layout-constrained wp-block-group-is-layout-constrained\">\n<h2 class=\"wp-block-heading\" id=\"kinaesthetics-in-der-pflege-methodentipps-fur-praxisanleitende\">Kinaesthetics \u2013 Methoden-Tipps f\u00fcr Praxisanleitende<\/h2>\n<\/div><\/div>\n<\/div><\/div>\n\n\n\n<div class=\"wp-block-group\"><div class=\"wp-block-group__inner-container is-layout-constrained wp-block-group-is-layout-constrained\">\n<p>27.10.2026, 09:00Uhr\u00a0&#8211; 16:30\u00a0Uhr; Bildungsinstitut der Barmherzigen Br\u00fcder Trier<\/p>\n<\/div><\/div>\n\n\n\n<div class=\"wp-block-buttons is-layout-flex wp-block-buttons-is-layout-flex\">\n<div class=\"wp-block-button has-custom-width wp-block-button__width-100 is-style-outline is-style-outline--7\"><a class=\"wp-block-button__link has-small-font-size has-custom-font-size wp-element-button\" href=\"https:\/\/www.bk-trier.de\/bkt\/fortbildungen\/termine\/2609-Kinaesthetics.php\" target=\"_blank\" rel=\"noreferrer noopener\">weitere Informationen<\/a><\/div>\n<\/div>\n\n\n\n<div class=\"wp-block-group\"><div class=\"wp-block-group__inner-container is-layout-flow wp-block-group-is-layout-flow\">\n<hr class=\"wp-block-separator has-alpha-channel-opacity\"\/>\n\n\n\n<h2 class=\"wp-block-heading\" id=\"kinaesthetics-in-der-pflege-methodentipps-fur-praxisanleitende\"><strong><strong>Kinaesthetics f\u00fcr Funktionsabteilungen<\/strong><\/strong><\/h2>\n\n\n\n<p>03.11.2027, 09:00Uhr\u00a0&#8211; 16:30\u00a0Uhr; Bildungsinstitut der Barmherzigen Br\u00fcder Trier<\/p>\n\n\n\n<div class=\"wp-block-buttons is-layout-flex wp-block-buttons-is-layout-flex\">\n<div class=\"wp-block-button has-custom-width wp-block-button__width-100 is-style-outline is-style-outline--8\"><a class=\"wp-block-button__link has-small-font-size has-custom-font-size wp-element-button\" href=\"https:\/\/www.bk-trier.de\/bkt\/fortbildungen\/termine\/65030401-Kinaesthetics-Funktion.php\" target=\"_blank\" rel=\"noreferrer noopener\">weitere Informationen<\/a><\/div>\n<\/div>\n<\/div><\/div>\n\n\n\n<hr class=\"wp-block-separator has-alpha-channel-opacity\"\/>\n\n\n\n<div class=\"wp-block-group\"><div class=\"wp-block-group__inner-container is-layout-constrained wp-block-group-is-layout-constrained\">\n<div class=\"wp-block-group\"><div class=\"wp-block-group__inner-container is-layout-constrained wp-block-group-is-layout-constrained\">\n<h2 class=\"wp-block-heading\" id=\"kinaesthetics-in-der-pflege-methodentipps-fur-praxisanleitende\"><strong><strong>Kinaesthetics f\u00fcr Assistenzkr\u00e4fte<\/strong><\/strong><\/h2>\n\n\n\n<p>24.11.2027, 09:00Uhr\u00a0&#8211; 16:30\u00a0Uhr; Bildungsinstitut der Barmherzigen Br\u00fcder Trier<\/p>\n\n\n\n<div class=\"wp-block-buttons is-layout-flex wp-block-buttons-is-layout-flex\">\n<div class=\"wp-block-button has-custom-width wp-block-button__width-100 is-style-outline is-style-outline--9\"><a class=\"wp-block-button__link has-small-font-size has-custom-font-size wp-element-button\" href=\"https:\/\/www.bk-trier.de\/bkt\/fortbildungen\/termine\/25030401-Kinaesthetics-Nachtwachen.php\" target=\"_blank\" rel=\"noreferrer noopener\">weitere Informationen<\/a><\/div>\n<\/div>\n<\/div><\/div>\n<\/div><\/div>\n\n\n\n<p><\/p>\n","protected":false},"excerpt":{"rendered":"<p>Kinaesthetics Grundkurs 03.03., 04.03., 26.03. &amp; 14.04.2026, jeweils 09:00Uhr&nbsp;&#8211; 16:30&nbsp;Uhr; Bildungsinstitut der Barmherzigen Br\u00fcder Trier Kinaesthetics \u2013 Methoden-Tipps f\u00fcr Praxisanleitende 28.04.2026, 09:00Uhr&nbsp;&#8211; 16:30&nbsp;Uhr; Bildungsinstitut der Barmherzigen Br\u00fcder Trier Kinaesthetics f\u00fcr Assistenzkr\u00e4fte 07.05.2026, 09:00Uhr&nbsp;&#8211; 16:30&nbsp;Uhr; Bildungsinstitut &hellip;<\/p>\n","protected":false},"author":1,"featured_media":0,"parent":0,"menu_order":0,"comment_status":"closed","ping_status":"closed","template":"page-fullwidth.php","meta":{"footnotes":""},"class_list":["post-170","page","type-page","status-publish","hentry"],"_links":{"self":[{"href":"https:\/\/www.kin-mosel.de\/index.php?rest_route=\/wp\/v2\/pages\/170","targetHints":{"allow":["GET"]}}],"collection":[{"href":"https:\/\/www.kin-mosel.de\/index.php?rest_route=\/wp\/v2\/pages"}],"about":[{"href":"https:\/\/www.kin-mosel.de\/index.php?rest_route=\/wp\/v2\/types\/page"}],"author":[{"embeddable":true,"href":"https:\/\/www.kin-mosel.de\/index.php?rest_route=\/wp\/v2\/users\/1"}],"replies":[{"embeddable":true,"href":"https:\/\/www.kin-mosel.de\/index.php?rest_route=%2Fwp%2Fv2%2Fcomments&post=170"}],"version-history":[{"count":41,"href":"https:\/\/www.kin-mosel.de\/index.php?rest_route=\/wp\/v2\/pages\/170\/revisions"}],"predecessor-version":[{"id":266,"href":"https:\/\/www.kin-mosel.de\/index.php?rest_route=\/wp\/v2\/pages\/170\/revisions\/266"}],"wp:attachment":[{"href":"https:\/\/www.kin-mosel.de\/index.php?rest_route=%2Fwp%2Fv2%2Fmedia&parent=170"}],"curies":[{"name":"wp","href":"https:\/\/api.w.org\/{rel}","templated":true}]}}