{"id":51,"date":"2021-08-04T12:07:14","date_gmt":"2021-08-04T10:07:14","guid":{"rendered":"https:\/\/www.kin-mosel.de\/?page_id=51"},"modified":"2024-09-26T13:36:18","modified_gmt":"2024-09-26T11:36:18","slug":"ueber-mich","status":"publish","type":"page","link":"https:\/\/www.kin-mosel.de\/?page_id=51","title":{"rendered":"\u00dcber mich"},"content":{"rendered":"\n<div class=\"wp-block-columns is-layout-flex wp-container-core-columns-is-layout-9d6595d7 wp-block-columns-is-layout-flex\">\n<div class=\"wp-block-column is-layout-flow wp-block-column-is-layout-flow\" style=\"flex-basis:33.33%\"><div class=\"wp-block-image is-style-rounded\">\n<figure class=\"aligncenter size-full\"><img loading=\"lazy\" decoding=\"async\" width=\"190\" height=\"128\" src=\"https:\/\/www.kin-mosel.de\/wp-content\/uploads\/2021\/08\/59ea75ecf42424aga2654c1ea370a0b5-e1628070838630.jpg\" alt=\"\" class=\"wp-image-52\"\/><\/figure>\n<\/div><\/div>\n\n\n\n<div class=\"wp-block-column is-vertically-aligned-center is-layout-flow wp-block-column-is-layout-flow\" style=\"flex-basis:66.66%\">\n<p class=\"has-text-align-left has-normal-font-size\">Mein Name ist Stefan Steinmann,<br>ich bin examinierter Krankenpfleger,  Praxisanleiter <br>und angestellter und freiberuflicher Trainer f\u00fcr Kinaesthetics.<\/p>\n<\/div>\n<\/div>\n\n\n\n<p>Als Praxisanleiter arbeite ich im Team der zentralen Praxisanleitung am Br\u00fcderkrankenhaus Trier, im Bildungsinstitut des Br\u00fcderkrankenhauses bin ich als Trainer f\u00fcr Kinaesthetics besch\u00e4ftigt.<\/p>\n\n\n\n<p>Auf der neurologischen Fr\u00fchrehabilitation und auf Intensivstationen verschiedener Fakult\u00e4ten komme ich regelm\u00e4\u00dfig in Kontakt und Bewegung mit schwerst beeintr\u00e4chtigten Menschen und kann gemeinsam mit ihnen an der Entwicklung von Bewegungskompetenzen arbeiten und forschen.<\/p>\n\n\n\n<p>Als Trainer f\u00fcr Kinaesthetics gestalte ich verschiedenste Lernangebote f\u00fcr alle patientenbetreuenden Berufsgruppen des Br\u00fcderkrankenhauses, aber auch f\u00fcr Angeh\u00f6rige im Rahmen unseres Entlassmanagements.<\/p>\n\n\n\n<p>In der Gesundheits- und Krankenpflegeschule unseres Bildungsinstitutes konnte ich Kinaesthetics ebenso als festes Standbein unserer Ausbildung&nbsp; etablieren wie in allen Bereichen unserer Fort- und Weiterbildung.<\/p>\n\n\n\n<p>Freiberuflich biete ich ein umfangreiches Portfolio an Lern- und Entwicklungsm\u00f6glichkeiten mit Kinaesthetics-Werkzeugen an, \u00fcber welches Sie sich auf den folgenden Seiten informieren k\u00f6nnen.<\/p>\n\n\n\n<p>Im professionellen Bereich, von verschiedensten Einrichtungen der Pflege bis zur bewegungsorientierten Lernf\u00f6rderung von z.B. Kindern und Jugendlichen konnte ich meine Expertise in den vergangen Jahren ebenso steigern, wie bei der Begleitung und Unterst\u00fctzung privat Pflegender im Rahmen des Projekts <em>Kinaesthetics Pflegende Angeh\u00f6rige<\/em>.<\/p>\n\n\n\n<p><\/p>\n\n\n\n<h5 class=\"wp-block-heading\">Eine Auswahl meiner Fort- &amp; Weiterbildungen:<\/h5>\n\n\n\n<p><\/p>\n\n\n\n<p>2024: Fortbildung Bewegungskompetenz<\/p>\n\n\n\n<p>2024: Grundkurs LiN\u00ae &#8211; Lagerung in Neutralstellung<\/p>\n\n\n\n<p>2019: <em>Kinaesthetics in der Pflege<\/em> Trainer Stufe 3<\/p>\n\n\n\n<p>2019: Fortbildung Wahrnehmungsst\u00f6rungen\/Demenz<\/p>\n\n\n\n<p>2018: <em>Kinaesthetics Pflegende Angeh\u00f6rige<\/em> Trainer Stufe 2<\/p>\n\n\n\n<p>2015: Fachtagung &#8222;Mobilit\u00e4t f\u00f6rdern&#8220;<\/p>\n\n\n\n<p>2014: <em>Kinaesthetics in der Pflege<\/em> Trainer Stufe 2<\/p>\n\n\n\n<p>2012: <em>Kinaesthetics in der Pflege<\/em> Trainer Stufe 1<\/p>\n\n\n\n<p><\/p>\n\n\n\n<div class=\"wp-block-columns are-vertically-aligned-center is-layout-flex wp-container-core-columns-is-layout-9d6595d7 wp-block-columns-is-layout-flex\">\n<div class=\"wp-block-column is-vertically-aligned-center is-layout-flow wp-block-column-is-layout-flow\" style=\"flex-basis:66.66%\">\n<p class=\"has-text-align-right\">Weitere Informationen zu Kinaesthetics:<\/p>\n<\/div>\n\n\n\n<div class=\"wp-block-column is-vertically-aligned-center is-layout-flow wp-block-column-is-layout-flow\" style=\"flex-basis:33.33%\">\n<figure class=\"wp-block-image size-large\"><a href=\"https:\/\/www.kinaesthetics.de\" target=\"_blank\" rel=\"noopener\"><img loading=\"lazy\" decoding=\"async\" width=\"1024\" height=\"459\" src=\"https:\/\/www.kin-mosel.de\/wp-content\/uploads\/2021\/08\/Logo-Partner-1024x459.jpg\" alt=\"\" class=\"wp-image-94\" srcset=\"https:\/\/www.kin-mosel.de\/wp-content\/uploads\/2021\/08\/Logo-Partner-1024x459.jpg 1024w, https:\/\/www.kin-mosel.de\/wp-content\/uploads\/2021\/08\/Logo-Partner-300x135.jpg 300w, https:\/\/www.kin-mosel.de\/wp-content\/uploads\/2021\/08\/Logo-Partner-768x345.jpg 768w, https:\/\/www.kin-mosel.de\/wp-content\/uploads\/2021\/08\/Logo-Partner-1536x689.jpg 1536w, https:\/\/www.kin-mosel.de\/wp-content\/uploads\/2021\/08\/Logo-Partner-2048x919.jpg 2048w, https:\/\/www.kin-mosel.de\/wp-content\/uploads\/2021\/08\/Logo-Partner-1200x538.jpg 1200w, https:\/\/www.kin-mosel.de\/wp-content\/uploads\/2021\/08\/Logo-Partner-1980x888.jpg 1980w\" sizes=\"auto, (max-width: 1024px) 100vw, 1024px\" \/><\/a><\/figure>\n<\/div>\n<\/div>\n\n\n\n<p><\/p>\n","protected":false},"excerpt":{"rendered":"<p>Mein Name ist Stefan Steinmann,ich bin examinierter Krankenpfleger, Praxisanleiter und angestellter und freiberuflicher Trainer f\u00fcr Kinaesthetics. Als Praxisanleiter arbeite ich im Team der zentralen Praxisanleitung am Br\u00fcderkrankenhaus Trier, im Bildungsinstitut des Br\u00fcderkrankenhauses bin ich als &hellip;<\/p>\n","protected":false},"author":1,"featured_media":0,"parent":0,"menu_order":0,"comment_status":"closed","ping_status":"closed","template":"page-fullwidth.php","meta":{"footnotes":""},"class_list":["post-51","page","type-page","status-publish","hentry"],"_links":{"self":[{"href":"https:\/\/www.kin-mosel.de\/index.php?rest_route=\/wp\/v2\/pages\/51","targetHints":{"allow":["GET"]}}],"collection":[{"href":"https:\/\/www.kin-mosel.de\/index.php?rest_route=\/wp\/v2\/pages"}],"about":[{"href":"https:\/\/www.kin-mosel.de\/index.php?rest_route=\/wp\/v2\/types\/page"}],"author":[{"embeddable":true,"href":"https:\/\/www.kin-mosel.de\/index.php?rest_route=\/wp\/v2\/users\/1"}],"replies":[{"embeddable":true,"href":"https:\/\/www.kin-mosel.de\/index.php?rest_route=%2Fwp%2Fv2%2Fcomments&post=51"}],"version-history":[{"count":16,"href":"https:\/\/www.kin-mosel.de\/index.php?rest_route=\/wp\/v2\/pages\/51\/revisions"}],"predecessor-version":[{"id":231,"href":"https:\/\/www.kin-mosel.de\/index.php?rest_route=\/wp\/v2\/pages\/51\/revisions\/231"}],"wp:attachment":[{"href":"https:\/\/www.kin-mosel.de\/index.php?rest_route=%2Fwp%2Fv2%2Fmedia&parent=51"}],"curies":[{"name":"wp","href":"https:\/\/api.w.org\/{rel}","templated":true}]}}