{"id":57,"date":"2021-08-04T12:17:42","date_gmt":"2021-08-04T10:17:42","guid":{"rendered":"https:\/\/www.kin-mosel.de\/?page_id=57"},"modified":"2021-08-06T01:43:03","modified_gmt":"2021-08-05T23:43:03","slug":"fuer-privat-pflegende","status":"publish","type":"page","link":"https:\/\/www.kin-mosel.de\/?page_id=57","title":{"rendered":"F\u00fcr privat Pflegende"},"content":{"rendered":"\n<p><em>Pflegen Sie Angeh\u00f6rige oder Bekannte unentgeltlich im privaten Bereich, stehen Ihnen gem\u00e4\u00df \u00a7 45 SGB XI kostenlose Schulungen zu, unabh\u00e4ngig von Pflegegrad und -umfang.<\/em><\/p>\n\n\n\n<p>Begegnen Sie mit Hilfe von Kinaesthetics den Herausforderungen der t\u00e4glichen Pflege Ihrer Angeh\u00f6rigen, um Ihrer eigenen Belastung vorzubeugen und die Selbstst\u00e4ndigkeit Ihrer Angeh\u00f6rigen zu f\u00f6rdern.<\/p>\n\n\n\n<h5 class=\"wp-block-heading\">H\u00e4usliche Schulung<\/h5>\n\n\n\n<p>Bei individuellen h\u00e4uslichen Schulungen entwickeln wir gemeinsam Strategien und Ideen, die Sie bei Ihrem t\u00e4glichen Tun in Ihrer eigenen Umgebung unterst\u00fctzen k\u00f6nnen.<br>Durch die Schulungen erlangen Sie eine hohe Kompetenz im kr\u00e4fteschonenden und gesundheitsf\u00f6rdernden Umgang mit Bewegungsabl\u00e4ufen.<br>Hiermit wird eine effektive k\u00f6rperliche Entlastung erreicht. Dies hat positive Auswirkung auf die Beziehung in der Familie, ebenso wird die Selbstwirksamkeit des pflegebed\u00fcrftigen Menschen unterst\u00fctzt.<\/p>\n\n\n\n<h5 class=\"wp-block-heading\">Grundkurs <em>Kinaesthetics Pflegende Angeh\u00f6rige<\/em><\/h5>\n\n\n\n<p>Im Grundkurs Kinaesthetics Pflegende Angeh\u00f6rige lernen die Kursteilnehmer, auf der Grundlage ihrer eigenen Bewegungskompetenz bei der Pflege des pflegebed\u00fcrftigen dessen Bewegungskompetenz zu f\u00f6rdern.<br>Dies schont nicht nur die Gesundheit pflegender Angeh\u00f6riger, sondern f\u00fchrt auch zu gr\u00f6\u00dferer Mobilit\u00e4t, Selbstst\u00e4ndigkeit und h\u00f6herer Lebensqualit\u00e4t des pflegebed\u00fcrftigen Menschen.<\/p>\n\n\n\n<p><em>(Die Kurskosten f\u00fcr pflegende Angeh\u00f6rige aller Kassen werden bis auf \u20ac25,- f\u00fcr Kursunterlagen von der BARMER-Ersatzkasse \u00fcbernommen.)<\/em><\/p>\n\n\n\n<div class=\"wp-block-columns is-layout-flex wp-container-core-columns-is-layout-9d6595d7 wp-block-columns-is-layout-flex\">\n<div class=\"wp-block-column is-vertically-aligned-center is-layout-flow wp-block-column-is-layout-flow\" style=\"flex-basis:66.66%\">\n<p class=\"has-text-align-right\">Weitere Informationen zum Programm<br><em>Kinaesthetics Pflegende Angeh\u00f6rige<\/em>:<\/p>\n<\/div>\n\n\n\n<div class=\"wp-block-column is-layout-flow wp-block-column-is-layout-flow\" style=\"flex-basis:33.33%\">\n<figure class=\"wp-block-image size-large\"><a href=\"https:\/\/www.wir-pflegen-zuhause.de\" target=\"_blank\" rel=\"noopener\"><img loading=\"lazy\" decoding=\"async\" width=\"1024\" height=\"280\" src=\"https:\/\/www.kin-mosel.de\/wp-content\/uploads\/2021\/08\/Logo-Angehoerige-1024x280.jpg\" alt=\"\" class=\"wp-image-101\" srcset=\"https:\/\/www.kin-mosel.de\/wp-content\/uploads\/2021\/08\/Logo-Angehoerige-1024x280.jpg 1024w, https:\/\/www.kin-mosel.de\/wp-content\/uploads\/2021\/08\/Logo-Angehoerige-300x82.jpg 300w, https:\/\/www.kin-mosel.de\/wp-content\/uploads\/2021\/08\/Logo-Angehoerige-768x210.jpg 768w, https:\/\/www.kin-mosel.de\/wp-content\/uploads\/2021\/08\/Logo-Angehoerige-1536x420.jpg 1536w, https:\/\/www.kin-mosel.de\/wp-content\/uploads\/2021\/08\/Logo-Angehoerige-2048x560.jpg 2048w, https:\/\/www.kin-mosel.de\/wp-content\/uploads\/2021\/08\/Logo-Angehoerige-1200x328.jpg 1200w, https:\/\/www.kin-mosel.de\/wp-content\/uploads\/2021\/08\/Logo-Angehoerige-1980x542.jpg 1980w\" sizes=\"auto, (max-width: 1024px) 100vw, 1024px\" \/><\/a><\/figure>\n<\/div>\n<\/div>\n\n\n\n<p><\/p>\n","protected":false},"excerpt":{"rendered":"<p>Pflegen Sie Angeh\u00f6rige oder Bekannte unentgeltlich im privaten Bereich, stehen Ihnen gem\u00e4\u00df \u00a7 45 SGB XI kostenlose Schulungen zu, unabh\u00e4ngig von Pflegegrad und -umfang. Begegnen Sie mit Hilfe von Kinaesthetics den Herausforderungen der t\u00e4glichen Pflege &hellip;<\/p>\n","protected":false},"author":1,"featured_media":0,"parent":0,"menu_order":0,"comment_status":"closed","ping_status":"closed","template":"page-fullwidth.php","meta":{"footnotes":""},"class_list":["post-57","page","type-page","status-publish","hentry"],"_links":{"self":[{"href":"https:\/\/www.kin-mosel.de\/index.php?rest_route=\/wp\/v2\/pages\/57","targetHints":{"allow":["GET"]}}],"collection":[{"href":"https:\/\/www.kin-mosel.de\/index.php?rest_route=\/wp\/v2\/pages"}],"about":[{"href":"https:\/\/www.kin-mosel.de\/index.php?rest_route=\/wp\/v2\/types\/page"}],"author":[{"embeddable":true,"href":"https:\/\/www.kin-mosel.de\/index.php?rest_route=\/wp\/v2\/users\/1"}],"replies":[{"embeddable":true,"href":"https:\/\/www.kin-mosel.de\/index.php?rest_route=%2Fwp%2Fv2%2Fcomments&post=57"}],"version-history":[{"count":4,"href":"https:\/\/www.kin-mosel.de\/index.php?rest_route=\/wp\/v2\/pages\/57\/revisions"}],"predecessor-version":[{"id":148,"href":"https:\/\/www.kin-mosel.de\/index.php?rest_route=\/wp\/v2\/pages\/57\/revisions\/148"}],"wp:attachment":[{"href":"https:\/\/www.kin-mosel.de\/index.php?rest_route=%2Fwp%2Fv2%2Fmedia&parent=57"}],"curies":[{"name":"wp","href":"https:\/\/api.w.org\/{rel}","templated":true}]}}